{"id":4,"date":"2023-07-02T16:15:32","date_gmt":"2023-07-02T16:15:32","guid":{"rendered":"https:\/\/c12gaming.com\/?page_id=4"},"modified":"2025-05-13T11:39:32","modified_gmt":"2025-05-13T11:39:32","slug":"willkommen-auf-https-c12gaming-com","status":"publish","type":"page","link":"https:\/\/c12gaming.com\/","title":{"rendered":"Willkommen bei der C12GAMING Group"},"content":{"rendered":"\n<p><strong><em>Since 2006<\/em><\/strong> <br>Combat 12 oder C12Gaming?<br>Angefangen im Jahr 2006 mit Battlefield 2 \u00fcber diverse Teile des Battlefield und Call of Duty Franchise bis hin zu Games wie Squad, Hell let Loose, PUBG, Ring of Elysium, Arma3, Arma Reforger, Ready or Not, Ground Branch sowie DayZ und Scum besteht der Name Combat 12 noch immer.<\/p>\n\n\n\n<p>Doch warum findet man auf unserer Seite neben dem Namen &#8222;Comat12&#8220; immer auch den Namen &#8222;C12Gaming&#8220;?<\/p>\n\n\n\n<p>C12Gaming ist oder war der Versuch l\u00e4ngerfristig eine Community aufzubauen in der es um mehr als nur Taktisches Gaming geht. Die Bezeichnung Combat12 nutzen wir Haupts\u00e4chlich f\u00fcr Taktische Hardcore Shooter wie Arma Reforger, Ground Branch, Ready or Not oder \u00e4hnlichen.<br>Inzwischen ist vom 2006 gegr\u00fcndeten Clan &#8222;Combat12&#8220; nicht mehr viel \u00fcbrig, jedoch wird der Name bzw. das &#8222;ClanTag&#8220; von einigen ehemaligen Spielern getragen und soll auch noch lange Zeit weiter bestehen.<\/p>\n\n\n\n<figure class=\"wp-block-image size-large\"><img decoding=\"async\" loading=\"lazy\" width=\"1024\" height=\"68\" src=\"https:\/\/c12gaming.com\/wp-content\/uploads\/2024\/02\/Test-1024x68.png\" alt=\"\" class=\"wp-image-75\" srcset=\"https:\/\/c12gaming.com\/wp-content\/uploads\/2024\/02\/Test-1024x68.png 1024w, https:\/\/c12gaming.com\/wp-content\/uploads\/2024\/02\/Test-300x20.png 300w, https:\/\/c12gaming.com\/wp-content\/uploads\/2024\/02\/Test-768x51.png 768w, https:\/\/c12gaming.com\/wp-content\/uploads\/2024\/02\/Test.png 1500w\" sizes=\"(max-width: 1024px) 100vw, 1024px\" \/><\/figure>\n\n\n\n<blockquote class=\"wp-block-quote\">\n<p><strong>&#8222;Semper Paratus&#8220; <\/strong><\/p>\n<cite>Immer bereit<\/cite><\/blockquote>\n\n\n\n<p>Comta12\/ C12GAMING ist inzwischen mehr als nur Gaming. Wir sind eine lockere Gruppe ohne Zw\u00e4nge und gro\u00dfen Vorschriften.<br>Gespielt werden die verschiedensten Games aus dem Bereich Hardcore Taktik oder Survival Games.<br>Hier nur ein kleiner Ausschnitt von Games welche bei uns gespielt werden<\/p>\n\n\n\n<figure class=\"wp-block-image size-large\"><img decoding=\"async\" loading=\"lazy\" width=\"1024\" height=\"68\" src=\"https:\/\/c12gaming.com\/wp-content\/uploads\/2024\/02\/Test-1024x68.png\" alt=\"\" class=\"wp-image-75\" srcset=\"https:\/\/c12gaming.com\/wp-content\/uploads\/2024\/02\/Test-1024x68.png 1024w, https:\/\/c12gaming.com\/wp-content\/uploads\/2024\/02\/Test-300x20.png 300w, https:\/\/c12gaming.com\/wp-content\/uploads\/2024\/02\/Test-768x51.png 768w, https:\/\/c12gaming.com\/wp-content\/uploads\/2024\/02\/Test.png 1500w\" sizes=\"(max-width: 1024px) 100vw, 1024px\" \/><\/figure>\n\n\n\n<h2 class=\"wp-block-heading\">Taktik &amp; Survival Games<\/h2>\n\n\n\n<ul>\n<li>Arma Reforger<\/li>\n\n\n\n<li>Ground Branch<\/li>\n\n\n\n<li>Gray Zone Warfare <\/li>\n\n\n\n<li>Ready or Not<\/li>\n\n\n\n<li>Six Days in Fallujah<\/li>\n\n\n\n<li>Operator<\/li>\n\n\n\n<li>Direct Contact (Aktuell nur f\u00fcr Patreon &#8211; unter NDA-)<\/li>\n\n\n\n<li>und andere<\/li>\n<\/ul>\n\n\n\n<p>Dies ist nur ein kleiner Ausschnitt von Games welche wir in Betracht ziehen. Wir wollen versuchen Taktische Elemente aus realen Einsatzregeln und Vorgehensweisen in diesen und anderen Games umzusetzen.<\/p>\n\n\n\n<p>Spieler solcher Hardcore Taktik Games haben ab und an tats\u00e4chlich ein Milit\u00e4risches Background und das sieht man auch wenn sie Ihre Videos auf YouTube pr\u00e4sentieren. C12GAMING m\u00f6chte jedem der Interesse hat dieses Gameplay n\u00e4her bringen und wird ab sofort nicht selbst virtuelle Eins\u00e4tze auf YouTube ver\u00f6ffentlichen oder auf Twitch euch teilhaben lassen. Nein wir werden immer wieder von ausgesuchten Spielern deren Videos hier oder auf einer unseren Social Media Plattformen zeigen.<\/p>\n\n\n\n<figure class=\"wp-block-image size-large\"><img decoding=\"async\" loading=\"lazy\" width=\"1024\" height=\"466\" src=\"https:\/\/c12gaming.com\/wp-content\/uploads\/2025\/05\/cropped-WAllpaper-1024x466.png\" alt=\"\" class=\"wp-image-89\" srcset=\"https:\/\/c12gaming.com\/wp-content\/uploads\/2025\/05\/cropped-WAllpaper-1024x466.png 1024w, https:\/\/c12gaming.com\/wp-content\/uploads\/2025\/05\/cropped-WAllpaper-300x136.png 300w, https:\/\/c12gaming.com\/wp-content\/uploads\/2025\/05\/cropped-WAllpaper-768x349.png 768w, https:\/\/c12gaming.com\/wp-content\/uploads\/2025\/05\/cropped-WAllpaper.png 1500w\" sizes=\"(max-width: 1024px) 100vw, 1024px\" \/><\/figure>\n\n\n\n<p>Interesse auf forderndes aber immer noch spa\u00dfiges zocken mit Gleichgesinnten? Dann schaut doch einfach auf unserem <a href=\"https:\/\/discord.gg\/eKMdMWWw\" target=\"_blank\" rel=\"noreferrer noopener\">Discord<\/a> vorbei, welcher in den n\u00e4chsten Tagen f\u00fcr die Zukunft von C12Gaming angepasst wird.<\/p>\n\n\n\n<p>Gr\u00fc\u00dfe Euer Luzifer ak Ron<\/p>\n","protected":false},"excerpt":{"rendered":"<div class=\"mh-excerpt\"><p>Since 2006 Combat 12 oder C12Gaming?Angefangen im Jahr 2006 mit Battlefield 2 \u00fcber diverse Teile des Battlefield und Call of Duty Franchise bis hin zu <a class=\"mh-excerpt-more\" href=\"https:\/\/c12gaming.com\/\" title=\"Willkommen bei der C12GAMING Group\">[&#8230;]<\/a><\/p>\n<\/div>","protected":false},"author":1,"featured_media":0,"parent":0,"menu_order":0,"comment_status":"closed","ping_status":"open","template":"","meta":{"footnotes":""},"_links":{"self":[{"href":"https:\/\/c12gaming.com\/index.php?rest_route=\/wp\/v2\/pages\/4"}],"collection":[{"href":"https:\/\/c12gaming.com\/index.php?rest_route=\/wp\/v2\/pages"}],"about":[{"href":"https:\/\/c12gaming.com\/index.php?rest_route=\/wp\/v2\/types\/page"}],"author":[{"embeddable":true,"href":"https:\/\/c12gaming.com\/index.php?rest_route=\/wp\/v2\/users\/1"}],"replies":[{"embeddable":true,"href":"https:\/\/c12gaming.com\/index.php?rest_route=%2Fwp%2Fv2%2Fcomments&post=4"}],"version-history":[{"count":11,"href":"https:\/\/c12gaming.com\/index.php?rest_route=\/wp\/v2\/pages\/4\/revisions"}],"predecessor-version":[{"id":96,"href":"https:\/\/c12gaming.com\/index.php?rest_route=\/wp\/v2\/pages\/4\/revisions\/96"}],"wp:attachment":[{"href":"https:\/\/c12gaming.com\/index.php?rest_route=%2Fwp%2Fv2%2Fmedia&parent=4"}],"curies":[{"name":"wp","href":"https:\/\/api.w.org\/{rel}","templated":true}]}}